{"id":1575,"date":"2021-07-13T14:17:05","date_gmt":"2021-07-13T12:17:05","guid":{"rendered":"http:\/\/emf-helpenstein.de\/?page_id=1575"},"modified":"2021-07-13T14:34:10","modified_gmt":"2021-07-13T12:34:10","slug":"impressum","status":"publish","type":"page","link":"https:\/\/emf-helpenstein.de\/en\/impressum\/","title":{"rendered":"Legal Disclosure"},"content":{"rendered":"<div data-elementor-type=\"wp-page\" data-elementor-id=\"1575\" class=\"elementor elementor-1575\">\n\t\t\t\t\t\t\t\t\t<section class=\"elementor-section elementor-top-section elementor-element elementor-element-1aa3a3d elementor-section-boxed elementor-section-height-default elementor-section-height-default\" data-id=\"1aa3a3d\" data-element_type=\"section\">\n\t\t\t\t\t\t<div class=\"elementor-container elementor-column-gap-default\">\n\t\t\t\t\t<div class=\"elementor-column elementor-col-100 elementor-top-column elementor-element elementor-element-cf6dd71\" data-id=\"cf6dd71\" data-element_type=\"column\">\n\t\t\t<div class=\"elementor-widget-wrap elementor-element-populated\">\n\t\t\t\t\t\t\t\t<div class=\"elementor-element elementor-element-ac72a2b elementor-widget elementor-widget-heading\" data-id=\"ac72a2b\" data-element_type=\"widget\" data-widget_type=\"heading.default\">\n\t\t\t\t<div class=\"elementor-widget-container\">\n\t\t\t<h1 class=\"elementor-heading-title elementor-size-default\">Legal Disclosure<\/h1>\t\t<\/div>\n\t\t\t\t<\/div>\n\t\t\t\t<div class=\"elementor-element elementor-element-b571ba4 elementor-widget elementor-widget-text-editor\" data-id=\"b571ba4\" data-element_type=\"widget\" data-widget_type=\"text-editor.default\">\n\t\t\t\t<div class=\"elementor-widget-container\">\n\t\t\t\t\t\t\t<p><span class=\"xr_tl xr_s26\"><span class=\"xr_s27\">EMF\u2013Helpenstein<br \/><\/span><\/span><span class=\"xr_tl xr_s28\"><span class=\"xr_s29\">Maschinenbau GmbH &amp; Co Kg<br \/><\/span><\/span><span class=\"xr_tl xr_s28\"><span class=\"xr_s29\">Bernhard-Hahn-Strasse 7-9<br \/><\/span><\/span><span class=\"xr_tl xr_s29\">41812 Erkelenz<\/span><\/p><p><span class=\"xr_tl xr_s9\"><span class=\"xr_s13\">Telefon <\/span><\/span><span class=\"xr_tl xr_s9\"><span class=\"xr_s13\">: 0049 \u2013 2431 8002-0<br \/><\/span><\/span><span class=\"xr_tl xr_s9\"><span class=\"xr_s13\">Telefax <\/span><\/span><span class=\"xr_tl xr_s9\"><span class=\"xr_s13\">: 0049 \u2013 2431 8002-12<br \/><\/span><\/span><span class=\"xr_tl xr_s9\"><span class=\"xr_s13\">Email <\/span><\/span><span class=\"xr_tl xr_s9\"><span class=\"xr_s13\">: <\/span><\/span><span class=\"xr_tl xr_s9\"><span class=\"xr_s13\">info@emf-helpenstein.de<br \/><\/span><\/span><span class=\"xr_tl xr_s13\">Internet <\/span><span class=\"xr_tl xr_s13\">: <\/span><span class=\"xr_tl xr_s13\"><a href=\"https:\/\/emf-helpenstein.de\/en\/\">www.emf-helpenstein.de<\/a><\/span><\/p><p><span class=\"xr_tl xr_s9\"><span class=\"xr_s13\">UStIDNr. <\/span><\/span><span class=\"xr_tl xr_s9\"><span class=\"xr_s13\">:<\/span><\/span><span class=\"xr_tl xr_s9\"><span class=\"xr_s13\">DE 122 389 814<br \/><\/span><\/span><span class=\"xr_tl xr_s9\"><span class=\"xr_s13\">Handelsregister <\/span><\/span><span class=\"xr_tl xr_s9\"><span class=\"xr_s13\">:<\/span><\/span><span class=\"xr_tl xr_s9\"><span class=\"xr_s13\">HRA 4450 <\/span><\/span><span class=\"xr_tl xr_s9\"><span class=\"xr_s24\">Amtsgericht M\u00f6chengladbach<br \/><\/span><\/span><span class=\"xr_tl xr_s9\"><span class=\"xr_s13\">Sitz der Gesellschaft <\/span><\/span><span class=\"xr_tl xr_s9\"><span class=\"xr_s13\">:<\/span><\/span><span class=\"xr_tl xr_s9\"><span class=\"xr_s13\">D-41812 Erkelenz<br \/><\/span><\/span><span class=\"xr_tl xr_s9\"><span class=\"xr_s13\">Gesch\u00e4ftsf\u00fchrer <\/span><\/span><span class=\"xr_tl xr_s9\"><span class=\"xr_s13\">:<\/span><\/span><span class=\"xr_tl xr_s9\"><span class=\"xr_s13\">Mr. Eduard Stoll<br \/><\/span><\/span><span class=\"xr_tl xr_s13\">Pers\u00f6nlich haftende Gesellschafterin<\/span><span class=\"xr_tl xr_s13\">: <\/span><span class=\"xr_tl xr_s13\">EMF Helpenstein Maschinenbau Verwaltungs GmbH<br \/><\/span><span class=\"xr_tl xr_s13\">HRB 8295 <\/span><span class=\"xr_tl xr_s13\"><span class=\"xr_s24\">Amtsgericht M\u00f6chengladbach<\/span><\/span><\/p><p><strong>Allgemeine Nutzungsbedingungen<br \/><\/strong><span class=\"xr_tl xr_s13\">Die EMF\u2013Helpenstein Maschinenbau GmbH &amp; Co Kg bem\u00fcht sich, dass die auf ihrer Website <\/span><span class=\"xr_tl xr_s13\">enthaltenen Informationen und Daten zutreffend sind. Eine Haftung oder Garantie f\u00fcr die <\/span><span class=\"xr_tl xr_s13\">Aktualit\u00e4t, Richtigkeit und Vollst\u00e4ndigkeit der zur Verf\u00fcgung gestellten Informationen und <\/span><span class=\"xr_tl xr_s13\">Daten ist jedoch ausgeschlossen. Dies gilt ebenso f\u00fcr alle anderen Websites, auf die mittels <\/span><span class=\"xr_tl xr_s13\">eines Hyperlinks verwiesen wird. Die EMF\u2013Helpenstein Maschinenbau GmbH &amp; Co Kg ist <\/span><span class=\"xr_tl xr_s13\">f\u00fcr den Inhalt solcher Websites, die mittels einer solchen Verbindung erreicht werden, <\/span><span class=\"xr_tl xr_s13\">ebenfalls nicht verantwortlich. Die EMF\u2013Helpenstein Maschinenbau GmbH &amp; Co Kg beh\u00e4lt <\/span><span class=\"xr_tl xr_s13\">sich vor, ohne Ank\u00fcndigung \u00c4nderungen oder Erg\u00e4nzungen der bereitgestellten <\/span><span class=\"xr_tl xr_s13\">Informationen oder Daten vorzunehmen.<\/span><\/p><div class=\"xr_txt xr_s19\"><strong><span class=\"xr_tl xr_s12\">Fotonachweis<\/span><\/strong><\/div><div class=\"xr_txt xr_s25\"><span class=\"xr_tl xr_s30\"><span class=\"xr_s31\">\u00a9 EMF\u2013Helpenstein Maschinenbau GmbH &amp; Co Kg <br \/><\/span><\/span><span class=\"xr_tl xr_s31\">\u00a9 Klaus Walmrath, <a href=\"http:\/\/www.kriterium.de\/\">kriterium Kommunikationsservice<\/a><\/span><\/div>\t\t\t\t\t\t<\/div>\n\t\t\t\t<\/div>\n\t\t\t\t\t<\/div>\n\t\t<\/div>\n\t\t\t\t\t\t\t<\/div>\n\t\t<\/section>\n\t\t\t\t\t\t\t<\/div>","protected":false},"excerpt":{"rendered":"<p>Impressum EMF\u2013HelpensteinMaschinenbau GmbH &amp; Co KgBernhard-Hahn-Strasse 7-941812 Erkelenz Telefon : 0049 \u2013 2431 8002-0Telefax : 0049 \u2013 2431 8002-12Email : info@emf-helpenstein.deInternet : www.emf-helpenstein.de UStIDNr. :DE 122 389 814Handelsregister :HRA 4450 Amtsgericht M\u00f6chengladbachSitz der Gesellschaft :D-41812 ErkelenzGesch\u00e4ftsf\u00fchrer :Herr Eduard StollPers\u00f6nlich haftende Gesellschafterin: EMF Helpenstein Maschinenbau Verwaltungs GmbHHRB 8295 Amtsgericht M\u00f6chengladbach Allgemeine NutzungsbedingungenDie EMF\u2013Helpenstein Maschinenbau GmbH &amp; [&hellip;]<\/p>","protected":false},"author":1,"featured_media":0,"parent":0,"menu_order":0,"comment_status":"closed","ping_status":"closed","template":"","meta":{"footnotes":""},"class_list":["post-1575","page","type-page","status-publish","hentry"],"blocksy_meta":{"styles_descriptor":{"styles":{"desktop":"","tablet":"","mobile":""},"google_fonts":[]}},"yoast_head":"<!-- This site is optimized with the Yoast SEO plugin v21.5 - https:\/\/yoast.com\/wordpress\/plugins\/seo\/ -->\n<title>Impressum - Helpenstein<\/title>\n<meta name=\"robots\" content=\"index, follow, max-snippet:-1, max-image-preview:large, max-video-preview:-1\" \/>\n<link rel=\"canonical\" href=\"https:\/\/emf-helpenstein.de\/en\/impressum\/\" \/>\n<meta property=\"og:locale\" content=\"en_GB\" \/>\n<meta property=\"og:type\" content=\"article\" \/>\n<meta property=\"og:title\" content=\"Impressum - Helpenstein\" \/>\n<meta property=\"og:description\" content=\"Impressum EMF\u2013HelpensteinMaschinenbau GmbH &amp; Co KgBernhard-Hahn-Strasse 7-941812 Erkelenz Telefon : 0049 \u2013 2431 8002-0Telefax : 0049 \u2013 2431 8002-12Email : info@emf-helpenstein.deInternet : www.emf-helpenstein.de UStIDNr. :DE 122 389 814Handelsregister :HRA 4450 Amtsgericht M\u00f6chengladbachSitz der Gesellschaft :D-41812 ErkelenzGesch\u00e4ftsf\u00fchrer :Herr Eduard StollPers\u00f6nlich haftende Gesellschafterin: EMF Helpenstein Maschinenbau Verwaltungs GmbHHRB 8295 Amtsgericht M\u00f6chengladbach Allgemeine NutzungsbedingungenDie EMF\u2013Helpenstein Maschinenbau GmbH &amp; [&hellip;]\" \/>\n<meta property=\"og:url\" content=\"https:\/\/emf-helpenstein.de\/en\/impressum\/\" \/>\n<meta property=\"og:site_name\" content=\"Helpenstein\" \/>\n<meta property=\"article:modified_time\" content=\"2021-07-13T12:34:10+00:00\" \/>\n<meta name=\"twitter:card\" content=\"summary_large_image\" \/>\n<meta name=\"twitter:label1\" content=\"Estimated reading time\" \/>\n\t<meta name=\"twitter:data1\" content=\"1 minute\" \/>\n<script type=\"application\/ld+json\" class=\"yoast-schema-graph\">{\"@context\":\"https:\/\/schema.org\",\"@graph\":[{\"@type\":\"WebPage\",\"@id\":\"https:\/\/emf-helpenstein.de\/impressum\/\",\"url\":\"https:\/\/emf-helpenstein.de\/impressum\/\",\"name\":\"Impressum - Helpenstein\",\"isPartOf\":{\"@id\":\"https:\/\/emf-helpenstein.de\/#website\"},\"datePublished\":\"2021-07-13T12:17:05+00:00\",\"dateModified\":\"2021-07-13T12:34:10+00:00\",\"breadcrumb\":{\"@id\":\"https:\/\/emf-helpenstein.de\/impressum\/#breadcrumb\"},\"inLanguage\":\"en-GB\",\"potentialAction\":[{\"@type\":\"ReadAction\",\"target\":[\"https:\/\/emf-helpenstein.de\/impressum\/\"]}]},{\"@type\":\"BreadcrumbList\",\"@id\":\"https:\/\/emf-helpenstein.de\/impressum\/#breadcrumb\",\"itemListElement\":[{\"@type\":\"ListItem\",\"position\":1,\"name\":\"Startseite\",\"item\":\"https:\/\/emf-helpenstein.de\/\"},{\"@type\":\"ListItem\",\"position\":2,\"name\":\"Impressum\"}]},{\"@type\":\"WebSite\",\"@id\":\"https:\/\/emf-helpenstein.de\/#website\",\"url\":\"https:\/\/emf-helpenstein.de\/\",\"name\":\"Helpenstein\",\"description\":\"\",\"publisher\":{\"@id\":\"https:\/\/emf-helpenstein.de\/#organization\"},\"potentialAction\":[{\"@type\":\"SearchAction\",\"target\":{\"@type\":\"EntryPoint\",\"urlTemplate\":\"https:\/\/emf-helpenstein.de\/?s={search_term_string}\"},\"query-input\":\"required name=search_term_string\"}],\"inLanguage\":\"en-GB\"},{\"@type\":\"Organization\",\"@id\":\"https:\/\/emf-helpenstein.de\/#organization\",\"name\":\"Helpenstein\",\"url\":\"https:\/\/emf-helpenstein.de\/\",\"logo\":{\"@type\":\"ImageObject\",\"inLanguage\":\"en-GB\",\"@id\":\"https:\/\/emf-helpenstein.de\/#\/schema\/logo\/image\/\",\"url\":\"https:\/\/emf-helpenstein.de\/wp-content\/uploads\/2021\/07\/emf.jpg\",\"contentUrl\":\"https:\/\/emf-helpenstein.de\/wp-content\/uploads\/2021\/07\/emf.jpg\",\"width\":1260,\"height\":1200,\"caption\":\"Helpenstein\"},\"image\":{\"@id\":\"https:\/\/emf-helpenstein.de\/#\/schema\/logo\/image\/\"}}]}<\/script>\n<!-- \/ Yoast SEO plugin. -->","yoast_head_json":{"title":"Impressum - Helpenstein","robots":{"index":"index","follow":"follow","max-snippet":"max-snippet:-1","max-image-preview":"max-image-preview:large","max-video-preview":"max-video-preview:-1"},"canonical":"https:\/\/emf-helpenstein.de\/en\/impressum\/","og_locale":"en_GB","og_type":"article","og_title":"Impressum - Helpenstein","og_description":"Impressum EMF\u2013HelpensteinMaschinenbau GmbH &amp; Co KgBernhard-Hahn-Strasse 7-941812 Erkelenz Telefon : 0049 \u2013 2431 8002-0Telefax : 0049 \u2013 2431 8002-12Email : info@emf-helpenstein.deInternet : www.emf-helpenstein.de UStIDNr. :DE 122 389 814Handelsregister :HRA 4450 Amtsgericht M\u00f6chengladbachSitz der Gesellschaft :D-41812 ErkelenzGesch\u00e4ftsf\u00fchrer :Herr Eduard StollPers\u00f6nlich haftende Gesellschafterin: EMF Helpenstein Maschinenbau Verwaltungs GmbHHRB 8295 Amtsgericht M\u00f6chengladbach Allgemeine NutzungsbedingungenDie EMF\u2013Helpenstein Maschinenbau GmbH &amp; [&hellip;]","og_url":"https:\/\/emf-helpenstein.de\/en\/impressum\/","og_site_name":"Helpenstein","article_modified_time":"2021-07-13T12:34:10+00:00","twitter_card":"summary_large_image","twitter_misc":{"Estimated reading time":"1 minute"},"schema":{"@context":"https:\/\/schema.org","@graph":[{"@type":"WebPage","@id":"https:\/\/emf-helpenstein.de\/impressum\/","url":"https:\/\/emf-helpenstein.de\/impressum\/","name":"Impressum - Helpenstein","isPartOf":{"@id":"https:\/\/emf-helpenstein.de\/#website"},"datePublished":"2021-07-13T12:17:05+00:00","dateModified":"2021-07-13T12:34:10+00:00","breadcrumb":{"@id":"https:\/\/emf-helpenstein.de\/impressum\/#breadcrumb"},"inLanguage":"en-GB","potentialAction":[{"@type":"ReadAction","target":["https:\/\/emf-helpenstein.de\/impressum\/"]}]},{"@type":"BreadcrumbList","@id":"https:\/\/emf-helpenstein.de\/impressum\/#breadcrumb","itemListElement":[{"@type":"ListItem","position":1,"name":"Startseite","item":"https:\/\/emf-helpenstein.de\/"},{"@type":"ListItem","position":2,"name":"Impressum"}]},{"@type":"WebSite","@id":"https:\/\/emf-helpenstein.de\/#website","url":"https:\/\/emf-helpenstein.de\/","name":"Helpenstein","description":"","publisher":{"@id":"https:\/\/emf-helpenstein.de\/#organization"},"potentialAction":[{"@type":"SearchAction","target":{"@type":"EntryPoint","urlTemplate":"https:\/\/emf-helpenstein.de\/?s={search_term_string}"},"query-input":"required name=search_term_string"}],"inLanguage":"en-GB"},{"@type":"Organization","@id":"https:\/\/emf-helpenstein.de\/#organization","name":"Helpenstein","url":"https:\/\/emf-helpenstein.de\/","logo":{"@type":"ImageObject","inLanguage":"en-GB","@id":"https:\/\/emf-helpenstein.de\/#\/schema\/logo\/image\/","url":"https:\/\/emf-helpenstein.de\/wp-content\/uploads\/2021\/07\/emf.jpg","contentUrl":"https:\/\/emf-helpenstein.de\/wp-content\/uploads\/2021\/07\/emf.jpg","width":1260,"height":1200,"caption":"Helpenstein"},"image":{"@id":"https:\/\/emf-helpenstein.de\/#\/schema\/logo\/image\/"}}]}},"_links":{"self":[{"href":"https:\/\/emf-helpenstein.de\/en\/wp-json\/wp\/v2\/pages\/1575","targetHints":{"allow":["GET"]}}],"collection":[{"href":"https:\/\/emf-helpenstein.de\/en\/wp-json\/wp\/v2\/pages"}],"about":[{"href":"https:\/\/emf-helpenstein.de\/en\/wp-json\/wp\/v2\/types\/page"}],"author":[{"embeddable":true,"href":"https:\/\/emf-helpenstein.de\/en\/wp-json\/wp\/v2\/users\/1"}],"replies":[{"embeddable":true,"href":"https:\/\/emf-helpenstein.de\/en\/wp-json\/wp\/v2\/comments?post=1575"}],"version-history":[{"count":13,"href":"https:\/\/emf-helpenstein.de\/en\/wp-json\/wp\/v2\/pages\/1575\/revisions"}],"predecessor-version":[{"id":1596,"href":"https:\/\/emf-helpenstein.de\/en\/wp-json\/wp\/v2\/pages\/1575\/revisions\/1596"}],"wp:attachment":[{"href":"https:\/\/emf-helpenstein.de\/en\/wp-json\/wp\/v2\/media?parent=1575"}],"curies":[{"name":"wp","href":"https:\/\/api.w.org\/{rel}","templated":true}]}}