{"id":1586,"date":"2021-07-13T14:30:51","date_gmt":"2021-07-13T12:30:51","guid":{"rendered":"http:\/\/emf-helpenstein.de\/?page_id=1586"},"modified":"2021-07-13T14:48:07","modified_gmt":"2021-07-13T12:48:07","slug":"datenschutz","status":"publish","type":"page","link":"https:\/\/emf-helpenstein.de\/en\/datenschutz\/","title":{"rendered":"Privacy Policy"},"content":{"rendered":"<div data-elementor-type=\"wp-page\" data-elementor-id=\"1586\" class=\"elementor elementor-1586\">\n\t\t\t\t\t\t\t\t\t<section class=\"elementor-section elementor-top-section elementor-element elementor-element-cf66f83 elementor-section-boxed elementor-section-height-default elementor-section-height-default\" data-id=\"cf66f83\" data-element_type=\"section\">\n\t\t\t\t\t\t<div class=\"elementor-container elementor-column-gap-default\">\n\t\t\t\t\t<div class=\"elementor-column elementor-col-100 elementor-top-column elementor-element elementor-element-2ebd48f\" data-id=\"2ebd48f\" data-element_type=\"column\">\n\t\t\t<div class=\"elementor-widget-wrap elementor-element-populated\">\n\t\t\t\t\t\t\t\t<div class=\"elementor-element elementor-element-6536c2a elementor-widget elementor-widget-heading\" data-id=\"6536c2a\" data-element_type=\"widget\" data-widget_type=\"heading.default\">\n\t\t\t\t<div class=\"elementor-widget-container\">\n\t\t\t<h1 class=\"elementor-heading-title elementor-size-default\">Privacy Policy<\/h1>\t\t<\/div>\n\t\t\t\t<\/div>\n\t\t\t\t<div class=\"elementor-element elementor-element-6c8fdb4 elementor-widget elementor-widget-text-editor\" data-id=\"6c8fdb4\" data-element_type=\"widget\" data-widget_type=\"text-editor.default\">\n\t\t\t\t<div class=\"elementor-widget-container\">\n\t\t\t\t\t\t\t<p class=\"xr_tl x--195-156berschrift_3 xr_s33\"><strong>1. Haftungsbedingungen<\/strong><\/p><p><span class=\"xr_tl Normaler_Text xr_s33\">Die Inhalte dieser Website werden mit gr\u00f6\u00dftm\u00f6glicher Sorgfalt erstellt. Der Anbieter \u00fcbernimmt jedoch keine Gew\u00e4hr f\u00fcr die <\/span><span class=\"xr_tl Normaler_Text xr_s33\">Richtigkeit, Vollst\u00e4ndigkeit und Aktualit\u00e4t der bereitgestellten Inhalte. Die Nutzung der Inhalte der Website erfolgt auf eigene Gefahr <\/span><span class=\"xr_tl Normaler_Text xr_s33\">des Nutzers. Namentlich gekennzeichnete Beitr\u00e4ge geben die Meinung des jeweiligen Autors und nicht immer die Meinung des <\/span><span class=\"xr_tl Normaler_Text xr_s33\">Anbieters wieder. Mit der reinen Nutzung der Website des Anbieters kommt keinerlei Vertragsverh\u00e4ltnis zwischen dem Nutzer und <\/span><span class=\"xr_tl Normaler_Text xr_s33\">dem Anbieter zustande. <\/span><\/p><p class=\"xr_tl x--195-156berschrift_3 xr_s33\"><strong>2. Externe Links<\/strong><\/p><p><span class=\"xr_tl Normaler_Text xr_s33\">Diese Website enth\u00e4lt Verkn\u00fcpfungen zu Websites Dritter (&#8222;externe Links&#8220;). Diese Websites unterliegen der Haftung der jeweiligen <\/span><span class=\"xr_tl Normaler_Text xr_s33\">Betreiber. Der Anbieter hat bei der erstmaligen Verkn\u00fcpfung der externen Links die fremden Inhalte daraufhin \u00fcberpr\u00fcft, ob etwaige <\/span><span class=\"xr_tl Normaler_Text xr_s33\">Rechtsverst\u00f6\u00dfe bestehen. Zu dem Zeitpunkt waren keine Rechtsverst\u00f6\u00dfe ersichtlich. Der Anbieter hat keinerlei Einfluss auf die <\/span><span class=\"xr_tl Normaler_Text xr_s33\">aktuelle und zuk\u00fcnftige Gestaltung und auf die Inhalte der verkn\u00fcpften Seiten. Das Setzen von externen Links bedeutet nicht, dass <\/span><span class=\"xr_tl Normaler_Text xr_s33\">sich der Anbieter die hinter dem Verweis oder Link liegenden Inhalte zu Eigen macht. Eine st\u00e4ndige Kontrolle der externen Links ist <\/span><span class=\"xr_tl Normaler_Text xr_s33\">f\u00fcr den Anbieter ohne konkrete Hinweise auf Rechtsverst\u00f6\u00dfe nicht zumutbar. Bei Kenntnis von Rechtsverst\u00f6\u00dfen werden jedoch <\/span><span class=\"xr_tl Normaler_Text xr_s33\">derartige externe Links unverz\u00fcglich gel\u00f6scht. <\/span><\/p><p class=\"xr_tl x--195-156berschrift_3 xr_s33\"><strong>3. Urheber und Leistungsrechte<\/strong><\/p><p><span class=\"xr_tl Normaler_Text xr_s33\">Die auf dieser Website ver\u00f6ffentlichten Inhalte unterliegen dem deutschen Urheber- und Leistungsschutzrecht. Jede vom <\/span><span class=\"xr_tl Normaler_Text xr_s33\">deutschen Urheber- und Leistungsschutzrecht nicht zugelassene Verwertung bedarf der vorherigen schriftlichen Zustimmung des <\/span><span class=\"xr_tl Normaler_Text xr_s33\">Anbieters oder jeweiligen Rechteinhabers. Dies gilt insbesondere f\u00fcr Vervielf\u00e4ltigung, Bearbeitung, \u00dcbersetzung, Einspeicherung, <\/span><span class=\"xr_tl Normaler_Text xr_s33\">Verarbeitung bzw. Wiedergabe von Inhalten in Datenbanken oder anderen elektronischen Medien und Systemen. Inhalte und <\/span><span class=\"xr_tl Normaler_Text xr_s33\">Rechte Dritter sind dabei als solche gekennzeichnet. Die unerlaubte Vervielf\u00e4ltigung oder Weitergabe einzelner Inhalte oder <\/span><span class=\"xr_tl Normaler_Text xr_s33\">kompletter Seiten ist nicht gestattet und strafbar. Lediglich die Herstellung von Kopien und Downloads f\u00fcr den pers\u00f6nlichen, <\/span><span class=\"xr_tl Normaler_Text xr_s33\">privaten und nicht kommerziellen Gebrauch ist erlaubt. <\/span><span class=\"xr_tl Normaler_Text xr_s33\">Die Darstellung dieser Website in fremden Frames ist nur mit schriftlicher Erlaubnis zul\u00e4ssig. <\/span><\/p><p class=\"xr_tl x--195-156berschrift_3 xr_s33\"><strong>4. Datenschutz (allgemein)<\/strong><\/p><p><span class=\"xr_tl Normaler_Text xr_s33\">Durch den Besuch der Website des Anbieters k\u00f6nnen Informationen \u00fcber den Zugriff (Datum, Uhrzeit, betrachtete Seite) <\/span><span class=\"xr_tl Normaler_Text xr_s33\">gespeichert werden. Diese Daten geh\u00f6ren nicht zu den personenbezogenen Daten, sondern sind anonymisiert. Sie werden <\/span><span class=\"xr_tl Normaler_Text xr_s33\">ausschlie\u00dflich zu statistischen Zwecken ausgewertet. Eine Weitergabe an Dritte, zu kommerziellen oder nichtkommerziellen <\/span><span class=\"xr_tl Normaler_Text xr_s33\">Zwecken, findet nicht statt. Der Anbieter weist ausdr\u00fccklich darauf hin, dass die Daten\u00fcbertragung im Internet (z.B. bei der <\/span><span class=\"xr_tl Normaler_Text xr_s33\">Kommunikation per E-Mail) Sicherheitsl\u00fccken aufweisen und nicht l\u00fcckenlos vor dem Zugriff durch Dritte gesch\u00fctzt werden kann. <\/span><span class=\"xr_tl Normaler_Text xr_s33\">Die Verwendung der Kontaktdaten des Impressums zur gewerblichen Werbung ist ausdr\u00fccklich nicht erw\u00fcnscht, es sei denn der <\/span><span class=\"xr_tl Normaler_Text xr_s33\">Anbieter hatte zuvor seine schriftliche Einwilligung erteilt oder es besteht bereits eine Gesch\u00e4ftsbeziehung. Der Anbieter und alle <\/span><span class=\"xr_tl Normaler_Text xr_s33\">auf dieser Website genannten Personen widersprechen hiermit jeder kommerziellen Verwendung und Weitergabe ihrer Daten. <\/span><span class=\"xr_tl Normaler_Text xr_s33\">Soweit besondere Bedingungen f\u00fcr einzelne Nutzungen dieser Website von den vorgenannten Darstellungen. abweichen, wird an <\/span><span class=\"xr_tl Normaler_Text xr_s33\">entsprechender Stelle ausdr\u00fccklich darauf hingewiesen. In diesem Falle gelten im jeweiligen Einzelfall die besonderen <\/span><span class=\"xr_tl Normaler_Text xr_s33\">Nutzungsbedingungen.<\/span><\/p><p class=\"xr_tl x--195-156berschrift_3 xr_s34\"><strong>5. Datenschutzerkl\u00e4rung<\/strong><\/p><p><em><span class=\"xr_tl xr_s22\">5.1. Name und Kontaktdaten des f\u00fcr die Verarbeitung Verantwortlichen sowie des betrieblichen <\/span><span class=\"xr_tl xr_s22\">Datenschutzbeauftragten<\/span><\/em><\/p><p>Verantwortlicher:<br \/>EMF\u2013Helpenstein Maschinenbau GmbH&amp;Co.KG<br \/>Bernhard-Hahn-Strasse 7-9<br \/>41812 Erkelenz<br \/>Tel: 02431 80020<br \/>Email: info@emf-helpenstein.de<\/p><p>Datenschutzbeauftragter:<br \/>Mr. Eduard Stoll<br \/>Tel: 02431 800234<br \/>Email: e.stoll@emf-helpenstein.de<\/p><p><em><span class=\"xr_tl xr_s37\">5.2. Erhebung und Speicherung personenbezogener Daten sowie Art und Zweck von deren Verwendung<\/span><\/em><\/p><p><span class=\"xr_tl xr_s33\">a) Beim Besuch der Website<br \/><\/span><span class=\"xr_tl xr_s33\">Beim Aufrufen unserer Website www.emf-helpenstein.de werden durch den auf Ihrem Endger\u00e4t zum Einsatz kommenden Browser <\/span><span class=\"xr_tl xr_s33\">automatisch Informationen an den Server unserer Website gesendet. Diese Informationen werden tempor\u00e4r in einem sog. Logfile <\/span><span class=\"xr_tl xr_s33\">gespeichert. Folgende Informationen werden dabei ohne Ihr Zutun erfasst und bis zur automatisierten L\u00f6schung gespeichert:<\/span><\/p><p><span class=\"xr_tl Normaler_Text xr_s33\">\u2022 IP-Adresse des anfragenden Rechners,<br \/><\/span><span class=\"xr_tl Normaler_Text xr_s33\">\u2022 Datum und Uhrzeit des Zugriffs,<br \/><\/span><span class=\"xr_tl Normaler_Text xr_s33\">\u2022 Name und URL der abgerufenen Datei,<br \/><\/span><span class=\"xr_tl Normaler_Text xr_s33\">\u2022 Website, von der aus der Zugriff erfolgt (Referrer-URL),<br \/><\/span><span class=\"xr_tl Normaler_Text xr_s33\">\u2022 verwendeter Browser und ggf. das Betriebssystem Ihres Rechners sowie der Name Ihres Access-Providers. <\/span><\/p><p><span class=\"xr_tl Normaler_Text xr_s33\">Die genannten Daten werden durch uns zu folgenden Zwecken verarbeitet:<br \/><\/span><span class=\"xr_tl Normaler_Text xr_s33\">\u2022 Gew\u00e4hrleistung eines reibungslosen Verbindungsaufbaus der Website,<br \/><\/span><span class=\"xr_tl Normaler_Text xr_s33\">\u2022 Gew\u00e4hrleistung einer komfortablen Nutzung unserer Website,<br \/><\/span><span class=\"xr_tl Normaler_Text xr_s33\">\u2022 Auswertung der Systemsicherheit und -stabilit\u00e4t sowie<br \/><\/span><span class=\"xr_tl Normaler_Text xr_s33\">\u2022 zu weiteren administrativen Zwecken.<\/span><\/p><p><span class=\"xr_tl Normaler_Text xr_s33\">Diese Informationen sind technisch notwendig, um von Ihnen angeforderte Inhalte von Webseiten korrekt auszuliefern und fallen <\/span><span class=\"xr_tl Normaler_Text xr_s33\">bei Nutzung des Internets zwingend an. Anonyme Informationen dieser Art werden von uns statistisch ausgewertet, um unseren <\/span><span class=\"xr_tl Normaler_Text xr_s33\">Internetauftritt und die dahinterstehende Technik zu optimieren.<br \/><\/span><span class=\"xr_tl Normaler_Text xr_s33\">Die Rechtsgrundlage f\u00fcr die Datenverarbeitung ist Art. 6 Abs. 1 S. 1 lit. f DSGVO. Unser berechtigtes Interesse folgt aus oben <\/span><span class=\"xr_tl Normaler_Text xr_s33\">aufgelisteten Zwecken zur Datenerhebung. In keinem Fall verwenden wir die erhobenen Daten zu dem Zweck, R\u00fcckschl\u00fcsse auf <\/span><span class=\"xr_tl Normaler_Text xr_s33\">Ihre Person zu ziehen.<\/span><\/p><p><span class=\"xr_tl Normaler_Text xr_s33\">Dar\u00fcber hinaus setzen wir beim Besuch unserer Website Cookies sowie Analysedienste ein. N\u00e4here Erl\u00e4uterungen dazu erhalten <\/span><span class=\"xr_tl Normaler_Text xr_s33\">Sie unter den Ziff. 4 und 5 dieser Datenschutzerkl\u00e4rung.<\/span><\/p>\t\t\t\t\t\t<\/div>\n\t\t\t\t<\/div>\n\t\t\t\t\t<\/div>\n\t\t<\/div>\n\t\t\t\t\t\t\t<\/div>\n\t\t<\/section>\n\t\t\t\t\t\t\t<\/div>","protected":false},"excerpt":{"rendered":"<p>Datenschutz 1. Haftungsbedingungen Die Inhalte dieser Website werden mit gr\u00f6\u00dftm\u00f6glicher Sorgfalt erstellt. Der Anbieter \u00fcbernimmt jedoch keine Gew\u00e4hr f\u00fcr die Richtigkeit, Vollst\u00e4ndigkeit und Aktualit\u00e4t der bereitgestellten Inhalte. Die Nutzung der Inhalte der Website erfolgt auf eigene Gefahr des Nutzers. Namentlich gekennzeichnete Beitr\u00e4ge geben die Meinung des jeweiligen Autors und nicht immer die Meinung des Anbieters [&hellip;]<\/p>","protected":false},"author":1,"featured_media":0,"parent":0,"menu_order":0,"comment_status":"closed","ping_status":"closed","template":"","meta":{"footnotes":""},"class_list":["post-1586","page","type-page","status-publish","hentry"],"blocksy_meta":{"styles_descriptor":{"styles":{"desktop":"","tablet":"","mobile":""},"google_fonts":[]}},"yoast_head":"<!-- This site is optimized with the Yoast SEO plugin v21.5 - https:\/\/yoast.com\/wordpress\/plugins\/seo\/ -->\n<title>Datenschutz - Helpenstein<\/title>\n<meta name=\"robots\" content=\"index, follow, max-snippet:-1, max-image-preview:large, max-video-preview:-1\" \/>\n<link rel=\"canonical\" href=\"https:\/\/emf-helpenstein.de\/en\/datenschutz\/\" \/>\n<meta property=\"og:locale\" content=\"en_GB\" \/>\n<meta property=\"og:type\" content=\"article\" \/>\n<meta property=\"og:title\" content=\"Datenschutz - Helpenstein\" \/>\n<meta property=\"og:description\" content=\"Datenschutz 1. Haftungsbedingungen Die Inhalte dieser Website werden mit gr\u00f6\u00dftm\u00f6glicher Sorgfalt erstellt. Der Anbieter \u00fcbernimmt jedoch keine Gew\u00e4hr f\u00fcr die Richtigkeit, Vollst\u00e4ndigkeit und Aktualit\u00e4t der bereitgestellten Inhalte. Die Nutzung der Inhalte der Website erfolgt auf eigene Gefahr des Nutzers. Namentlich gekennzeichnete Beitr\u00e4ge geben die Meinung des jeweiligen Autors und nicht immer die Meinung des Anbieters [&hellip;]\" \/>\n<meta property=\"og:url\" content=\"https:\/\/emf-helpenstein.de\/en\/datenschutz\/\" \/>\n<meta property=\"og:site_name\" content=\"Helpenstein\" \/>\n<meta property=\"article:modified_time\" content=\"2021-07-13T12:48:07+00:00\" \/>\n<meta name=\"twitter:card\" content=\"summary_large_image\" \/>\n<meta name=\"twitter:label1\" content=\"Estimated reading time\" \/>\n\t<meta name=\"twitter:data1\" content=\"4 minutes\" \/>\n<script type=\"application\/ld+json\" class=\"yoast-schema-graph\">{\"@context\":\"https:\/\/schema.org\",\"@graph\":[{\"@type\":\"WebPage\",\"@id\":\"https:\/\/emf-helpenstein.de\/datenschutz\/\",\"url\":\"https:\/\/emf-helpenstein.de\/datenschutz\/\",\"name\":\"Datenschutz - Helpenstein\",\"isPartOf\":{\"@id\":\"https:\/\/emf-helpenstein.de\/#website\"},\"datePublished\":\"2021-07-13T12:30:51+00:00\",\"dateModified\":\"2021-07-13T12:48:07+00:00\",\"breadcrumb\":{\"@id\":\"https:\/\/emf-helpenstein.de\/datenschutz\/#breadcrumb\"},\"inLanguage\":\"en-GB\",\"potentialAction\":[{\"@type\":\"ReadAction\",\"target\":[\"https:\/\/emf-helpenstein.de\/datenschutz\/\"]}]},{\"@type\":\"BreadcrumbList\",\"@id\":\"https:\/\/emf-helpenstein.de\/datenschutz\/#breadcrumb\",\"itemListElement\":[{\"@type\":\"ListItem\",\"position\":1,\"name\":\"Startseite\",\"item\":\"https:\/\/emf-helpenstein.de\/\"},{\"@type\":\"ListItem\",\"position\":2,\"name\":\"Datenschutz\"}]},{\"@type\":\"WebSite\",\"@id\":\"https:\/\/emf-helpenstein.de\/#website\",\"url\":\"https:\/\/emf-helpenstein.de\/\",\"name\":\"Helpenstein\",\"description\":\"\",\"publisher\":{\"@id\":\"https:\/\/emf-helpenstein.de\/#organization\"},\"potentialAction\":[{\"@type\":\"SearchAction\",\"target\":{\"@type\":\"EntryPoint\",\"urlTemplate\":\"https:\/\/emf-helpenstein.de\/?s={search_term_string}\"},\"query-input\":\"required name=search_term_string\"}],\"inLanguage\":\"en-GB\"},{\"@type\":\"Organization\",\"@id\":\"https:\/\/emf-helpenstein.de\/#organization\",\"name\":\"Helpenstein\",\"url\":\"https:\/\/emf-helpenstein.de\/\",\"logo\":{\"@type\":\"ImageObject\",\"inLanguage\":\"en-GB\",\"@id\":\"https:\/\/emf-helpenstein.de\/#\/schema\/logo\/image\/\",\"url\":\"https:\/\/emf-helpenstein.de\/wp-content\/uploads\/2021\/07\/emf.jpg\",\"contentUrl\":\"https:\/\/emf-helpenstein.de\/wp-content\/uploads\/2021\/07\/emf.jpg\",\"width\":1260,\"height\":1200,\"caption\":\"Helpenstein\"},\"image\":{\"@id\":\"https:\/\/emf-helpenstein.de\/#\/schema\/logo\/image\/\"}}]}<\/script>\n<!-- \/ Yoast SEO plugin. -->","yoast_head_json":{"title":"Datenschutz - Helpenstein","robots":{"index":"index","follow":"follow","max-snippet":"max-snippet:-1","max-image-preview":"max-image-preview:large","max-video-preview":"max-video-preview:-1"},"canonical":"https:\/\/emf-helpenstein.de\/en\/datenschutz\/","og_locale":"en_GB","og_type":"article","og_title":"Datenschutz - Helpenstein","og_description":"Datenschutz 1. Haftungsbedingungen Die Inhalte dieser Website werden mit gr\u00f6\u00dftm\u00f6glicher Sorgfalt erstellt. Der Anbieter \u00fcbernimmt jedoch keine Gew\u00e4hr f\u00fcr die Richtigkeit, Vollst\u00e4ndigkeit und Aktualit\u00e4t der bereitgestellten Inhalte. Die Nutzung der Inhalte der Website erfolgt auf eigene Gefahr des Nutzers. Namentlich gekennzeichnete Beitr\u00e4ge geben die Meinung des jeweiligen Autors und nicht immer die Meinung des Anbieters [&hellip;]","og_url":"https:\/\/emf-helpenstein.de\/en\/datenschutz\/","og_site_name":"Helpenstein","article_modified_time":"2021-07-13T12:48:07+00:00","twitter_card":"summary_large_image","twitter_misc":{"Estimated reading time":"4 minutes"},"schema":{"@context":"https:\/\/schema.org","@graph":[{"@type":"WebPage","@id":"https:\/\/emf-helpenstein.de\/datenschutz\/","url":"https:\/\/emf-helpenstein.de\/datenschutz\/","name":"Datenschutz - Helpenstein","isPartOf":{"@id":"https:\/\/emf-helpenstein.de\/#website"},"datePublished":"2021-07-13T12:30:51+00:00","dateModified":"2021-07-13T12:48:07+00:00","breadcrumb":{"@id":"https:\/\/emf-helpenstein.de\/datenschutz\/#breadcrumb"},"inLanguage":"en-GB","potentialAction":[{"@type":"ReadAction","target":["https:\/\/emf-helpenstein.de\/datenschutz\/"]}]},{"@type":"BreadcrumbList","@id":"https:\/\/emf-helpenstein.de\/datenschutz\/#breadcrumb","itemListElement":[{"@type":"ListItem","position":1,"name":"Startseite","item":"https:\/\/emf-helpenstein.de\/"},{"@type":"ListItem","position":2,"name":"Datenschutz"}]},{"@type":"WebSite","@id":"https:\/\/emf-helpenstein.de\/#website","url":"https:\/\/emf-helpenstein.de\/","name":"Helpenstein","description":"","publisher":{"@id":"https:\/\/emf-helpenstein.de\/#organization"},"potentialAction":[{"@type":"SearchAction","target":{"@type":"EntryPoint","urlTemplate":"https:\/\/emf-helpenstein.de\/?s={search_term_string}"},"query-input":"required name=search_term_string"}],"inLanguage":"en-GB"},{"@type":"Organization","@id":"https:\/\/emf-helpenstein.de\/#organization","name":"Helpenstein","url":"https:\/\/emf-helpenstein.de\/","logo":{"@type":"ImageObject","inLanguage":"en-GB","@id":"https:\/\/emf-helpenstein.de\/#\/schema\/logo\/image\/","url":"https:\/\/emf-helpenstein.de\/wp-content\/uploads\/2021\/07\/emf.jpg","contentUrl":"https:\/\/emf-helpenstein.de\/wp-content\/uploads\/2021\/07\/emf.jpg","width":1260,"height":1200,"caption":"Helpenstein"},"image":{"@id":"https:\/\/emf-helpenstein.de\/#\/schema\/logo\/image\/"}}]}},"_links":{"self":[{"href":"https:\/\/emf-helpenstein.de\/en\/wp-json\/wp\/v2\/pages\/1586","targetHints":{"allow":["GET"]}}],"collection":[{"href":"https:\/\/emf-helpenstein.de\/en\/wp-json\/wp\/v2\/pages"}],"about":[{"href":"https:\/\/emf-helpenstein.de\/en\/wp-json\/wp\/v2\/types\/page"}],"author":[{"embeddable":true,"href":"https:\/\/emf-helpenstein.de\/en\/wp-json\/wp\/v2\/users\/1"}],"replies":[{"embeddable":true,"href":"https:\/\/emf-helpenstein.de\/en\/wp-json\/wp\/v2\/comments?post=1586"}],"version-history":[{"count":10,"href":"https:\/\/emf-helpenstein.de\/en\/wp-json\/wp\/v2\/pages\/1586\/revisions"}],"predecessor-version":[{"id":1600,"href":"https:\/\/emf-helpenstein.de\/en\/wp-json\/wp\/v2\/pages\/1586\/revisions\/1600"}],"wp:attachment":[{"href":"https:\/\/emf-helpenstein.de\/en\/wp-json\/wp\/v2\/media?parent=1586"}],"curies":[{"name":"wp","href":"https:\/\/api.w.org\/{rel}","templated":true}]}}